{"id":246,"date":"2025-03-11T14:24:07","date_gmt":"2025-03-11T13:24:07","guid":{"rendered":"https:\/\/banusbeachmarbella.com\/?page_id=246"},"modified":"2026-02-25T15:05:56","modified_gmt":"2026-02-25T14:05:56","slug":"aviso-legal","status":"publish","type":"page","link":"https:\/\/banusbeachmarbella.com\/ru\/aviso-legal\/","title":{"rendered":"\u042e\u0440\u0438\u0434\u0438\u0447\u0435\u0441\u043a\u043e\u0435 \u0443\u0432\u0435\u0434\u043e\u043c\u043b\u0435\u043d\u0438\u0435"},"content":{"rendered":"<div data-elementor-type=\"wp-page\" data-elementor-id=\"246\" class=\"elementor elementor-246\" data-elementor-post-type=\"page\">\n\t\t\t\t<div class=\"elementor-element elementor-element-538f9460 e-flex e-con-boxed e-con e-parent\" data-id=\"538f9460\" data-element_type=\"container\" data-e-type=\"container\">\n\t\t\t\t\t<div class=\"e-con-inner\">\n\t\t\t\t<div class=\"elementor-element elementor-element-307b8855 elementor-widget elementor-widget-text-editor\" data-id=\"307b8855\" data-element_type=\"widget\" data-e-type=\"widget\" data-widget_type=\"text-editor.default\">\n\t\t\t\t<div class=\"elementor-widget-container\">\n\t\t\t\t\t\t\t\t\t<p>En cumplimiento del art\u00edculo 10 de la Ley 34\/2002, de 11 de julio, de Servicios de la Sociedad de la Informaci\u00f3n y Comercio Electr\u00f3nico (LSSI-CE), se exponen a continuaci\u00f3n los datos identificativos de la empresa:<\/p><h2><b>1. Datos Identificativos<\/b><\/h2><ul><li><p><b>Denominaci\u00f3n Social:<\/b> Lighthouse Ventures. S.L<\/p><\/li><li><p><b>NIF\/CIF:<\/b> B44876035<\/p><\/li><li><p><b>Domicilio Social:<\/b> Calle Doctor Fleming, 3, 8\u00aa Planta, 28036 Madrid, Espa\u00f1a.<\/p><\/li><li><p><b>Email de contacto:<\/b> mkt@aureacollection.es<\/p><\/li><\/ul><h2>\u00a0<\/h2><h2><b>2. Propiedad Intelectual<\/b><\/h2><p>El c\u00f3digo fuente, los dise\u00f1os gr\u00e1ficos, las im\u00e1genes, las fotograf\u00edas, los sonidos, las animaciones, el software, los textos, as\u00ed como la informaci\u00f3n y los contenidos que se recogen en el sitio web de <b>Ban\u00fas Beach<\/b> est\u00e1n protegidos por la legislaci\u00f3n espa\u00f1ola sobre los derechos de propiedad intelectual e industrial a favor del Titular.<\/p><p>No se permite la reproducci\u00f3n y\/o publicaci\u00f3n, total o parcial, del sitio web, ni su tratamiento inform\u00e1tico, su distribuci\u00f3n, su difusi\u00f3n, ni su modificaci\u00f3n o transformaci\u00f3n, sin el permiso previo y por escrito de <b>Ban\u00fas Beach<\/b>.<\/p><p>\u00a0<\/p><h2><b>3. Protecci\u00f3n de Datos de Car\u00e1cter Personal<\/b><\/h2><p>De conformidad con lo dispuesto en el Reglamento General de Protecci\u00f3n de Datos (RGPD) y la Ley Org\u00e1nica 3\/2018 de Protecci\u00f3n de Datos Personales y garant\u00eda de los derechos digitales, el Titular informa al usuario de la existencia de un tratamiento de datos de car\u00e1cter personal con la finalidad de gestionar las solicitudes de informaci\u00f3n y servicios recibidas.<\/p><p><b>Nota:<\/b> Para m\u00e1s detalle, consulte nuestra <a href=\"https:\/\/banusbeachmarbella.com\/ru\/politica-de-privacidad\/\"><b>Pol\u00edtica de Privacidad<\/b>.<\/a><\/p><p>\u00a0<\/p><h2><b>4. Limitaci\u00f3n de Responsabilidad<\/b><\/h2><p>El Titular no se hace responsable de los da\u00f1os y perjuicios de cualquier naturaleza que pudieran ocasionar, a t\u00edtulo enunciativo: errores u omisiones en los contenidos, falta de disponibilidad del portal o la transmisi\u00f3n de virus o programas maliciosos o lesivos en los contenidos, a pesar de haber adoptado todas las medidas tecnol\u00f3gicas necesarias para evitarlo.<\/p><p>\u00a0<\/p><h2><b>5. Enlaces (Links)<\/b><\/h2><p>En el caso de que en la p\u00e1gina web se dispusiesen enlaces o hiperv\u00ednculos hac\u00eda otros sitios de Internet, el Titular no ejercer\u00e1 ning\u00fan tipo de control sobre dichos sitios y contenidos. En ning\u00fan caso asumir\u00e1 responsabilidad alguna por los contenidos de alg\u00fan enlace perteneciente a un sitio web ajeno.<\/p><p>\u00a0<\/p><h2><b>6. Legislaci\u00f3n Aplicable y Jurisdicci\u00f3n<\/b><\/h2><p>La relaci\u00f3n entre el Titular y el Usuario se regir\u00e1 por la normativa espa\u00f1ola vigente y cualquier controversia se someter\u00e1 a los Juzgados y Tribunales de la ciudad de <b>Madrid<\/b>, salvo que la ley establezca lo contrario para casos de consumidores y usuarios.<\/p><p>\u00a0<\/p>\t\t\t\t\t\t\t\t<\/div>\n\t\t\t\t<\/div>\n\t\t\t\t\t<\/div>\n\t\t\t\t<\/div>\n\t\t\t\t<\/div>","protected":false},"excerpt":{"rendered":"<p>En cumplimiento del art\u00edculo 10 de la Ley 34\/2002, de 11 de julio, de Servicios de la Sociedad de la Informaci\u00f3n y Comercio Electr\u00f3nico (LSSI-CE), se exponen a continuaci\u00f3n los datos identificativos de la empresa: 1. Datos Identificativos Denominaci\u00f3n Social: Lighthouse Ventures. S.L NIF\/CIF: B44876035 Domicilio Social: Calle Doctor Fleming, 3, 8\u00aa Planta, 28036 Madrid, [&hellip;]<\/p>\n","protected":false},"author":2,"featured_media":0,"parent":0,"menu_order":0,"comment_status":"closed","ping_status":"closed","template":"","meta":{"_joinchat":[],"footnotes":""},"class_list":["post-246","page","type-page","status-publish","hentry"],"yoast_head":"<!-- This site is optimized with the Yoast SEO plugin v26.6 - https:\/\/yoast.com\/wordpress\/plugins\/seo\/ -->\n<title>Aviso legal | Ban\u00fas Beach<\/title>\n<meta name=\"robots\" content=\"noindex, follow\" \/>\n<meta property=\"og:locale\" content=\"ru_RU\" \/>\n<meta property=\"og:type\" content=\"article\" \/>\n<meta property=\"og:title\" content=\"Aviso legal | Ban\u00fas Beach\" \/>\n<meta property=\"og:description\" content=\"En cumplimiento del art\u00edculo 10 de la Ley 34\/2002, de 11 de julio, de Servicios de la Sociedad de la Informaci\u00f3n y Comercio Electr\u00f3nico (LSSI-CE), se exponen a continuaci\u00f3n los datos identificativos de la empresa: 1. Datos Identificativos Denominaci\u00f3n Social: Lighthouse Ventures. S.L NIF\/CIF: B44876035 Domicilio Social: Calle Doctor Fleming, 3, 8\u00aa Planta, 28036 Madrid, [&hellip;]\" \/>\n<meta property=\"og:url\" content=\"https:\/\/banusbeachmarbella.com\/ru\/aviso-legal\/\" \/>\n<meta property=\"og:site_name\" content=\"Ban\u00fas Beach\" \/>\n<meta property=\"article:publisher\" content=\"https:\/\/www.facebook.com\/banusbeachmarbella\" \/>\n<meta property=\"article:modified_time\" content=\"2026-02-25T14:05:56+00:00\" \/>\n<meta property=\"og:image\" content=\"https:\/\/banusbeachmarbella.com\/wp-content\/uploads\/2024\/11\/BanusBeach_imagen-de-entrada-al-complejo-con-el-logo-en-primer-plano.jpg\" \/>\n\t<meta property=\"og:image:width\" content=\"1170\" \/>\n\t<meta property=\"og:image:height\" content=\"789\" \/>\n\t<meta property=\"og:image:type\" content=\"image\/jpeg\" \/>\n<meta name=\"twitter:card\" content=\"summary_large_image\" \/>\n<meta name=\"twitter:label1\" content=\"\u041f\u0440\u0438\u043c\u0435\u0440\u043d\u043e\u0435 \u0432\u0440\u0435\u043c\u044f \u0434\u043b\u044f \u0447\u0442\u0435\u043d\u0438\u044f\" \/>\n\t<meta name=\"twitter:data1\" content=\"2 \u043c\u0438\u043d\u0443\u0442\u044b\" \/>\n<script type=\"application\/ld+json\" class=\"yoast-schema-graph\">{\"@context\":\"https:\/\/schema.org\",\"@graph\":[{\"@type\":\"WebPage\",\"@id\":\"https:\/\/banusbeachmarbella.com\/aviso-legal\/\",\"url\":\"https:\/\/banusbeachmarbella.com\/aviso-legal\/\",\"name\":\"Aviso legal | Ban\u00fas Beach\",\"isPartOf\":{\"@id\":\"https:\/\/banusbeachmarbella.com\/en\/#website\"},\"datePublished\":\"2025-03-11T13:24:07+00:00\",\"dateModified\":\"2026-02-25T14:05:56+00:00\",\"breadcrumb\":{\"@id\":\"https:\/\/banusbeachmarbella.com\/aviso-legal\/#breadcrumb\"},\"inLanguage\":\"ru-RU\",\"potentialAction\":[{\"@type\":\"ReadAction\",\"target\":[\"https:\/\/banusbeachmarbella.com\/aviso-legal\/\"]}]},{\"@type\":\"BreadcrumbList\",\"@id\":\"https:\/\/banusbeachmarbella.com\/aviso-legal\/#breadcrumb\",\"itemListElement\":[{\"@type\":\"ListItem\",\"position\":1,\"name\":\"Portada\",\"item\":\"https:\/\/banusbeachmarbella.com\/\"},{\"@type\":\"ListItem\",\"position\":2,\"name\":\"Aviso legal\"}]},{\"@type\":\"WebSite\",\"@id\":\"https:\/\/banusbeachmarbella.com\/en\/#website\",\"url\":\"https:\/\/banusbeachmarbella.com\/en\/\",\"name\":\"Ban\u00fas Beach\",\"description\":\"Club de playa en Marbella\",\"publisher\":{\"@id\":\"https:\/\/banusbeachmarbella.com\/en\/#organization\"},\"potentialAction\":[{\"@type\":\"SearchAction\",\"target\":{\"@type\":\"EntryPoint\",\"urlTemplate\":\"https:\/\/banusbeachmarbella.com\/en\/?s={search_term_string}\"},\"query-input\":{\"@type\":\"PropertyValueSpecification\",\"valueRequired\":true,\"valueName\":\"search_term_string\"}}],\"inLanguage\":\"ru-RU\"},{\"@type\":\"Organization\",\"@id\":\"https:\/\/banusbeachmarbella.com\/en\/#organization\",\"name\":\"Ban\u00fas Beach\",\"url\":\"https:\/\/banusbeachmarbella.com\/en\/\",\"logo\":{\"@type\":\"ImageObject\",\"inLanguage\":\"ru-RU\",\"@id\":\"https:\/\/banusbeachmarbella.com\/en\/#\/schema\/logo\/image\/\",\"url\":\"https:\/\/banusbeachmarbella.com\/wp-content\/uploads\/2024\/09\/banus-beach-logo.png\",\"contentUrl\":\"https:\/\/banusbeachmarbella.com\/wp-content\/uploads\/2024\/09\/banus-beach-logo.png\",\"width\":963,\"height\":211,\"caption\":\"Ban\u00fas Beach\"},\"image\":{\"@id\":\"https:\/\/banusbeachmarbella.com\/en\/#\/schema\/logo\/image\/\"},\"sameAs\":[\"https:\/\/www.facebook.com\/banusbeachmarbella\",\"https:\/\/www.instagram.com\/banusbeachmarbella\/?hl=es\"]}]}<\/script>\n<!-- \/ Yoast SEO plugin. -->","yoast_head_json":{"title":"Aviso legal | Ban\u00fas Beach","robots":{"index":"noindex","follow":"follow"},"og_locale":"ru_RU","og_type":"article","og_title":"Aviso legal | Ban\u00fas Beach","og_description":"En cumplimiento del art\u00edculo 10 de la Ley 34\/2002, de 11 de julio, de Servicios de la Sociedad de la Informaci\u00f3n y Comercio Electr\u00f3nico (LSSI-CE), se exponen a continuaci\u00f3n los datos identificativos de la empresa: 1. Datos Identificativos Denominaci\u00f3n Social: Lighthouse Ventures. S.L NIF\/CIF: B44876035 Domicilio Social: Calle Doctor Fleming, 3, 8\u00aa Planta, 28036 Madrid, [&hellip;]","og_url":"https:\/\/banusbeachmarbella.com\/ru\/aviso-legal\/","og_site_name":"Ban\u00fas Beach","article_publisher":"https:\/\/www.facebook.com\/banusbeachmarbella","article_modified_time":"2026-02-25T14:05:56+00:00","og_image":[{"width":1170,"height":789,"url":"https:\/\/banusbeachmarbella.com\/wp-content\/uploads\/2024\/11\/BanusBeach_imagen-de-entrada-al-complejo-con-el-logo-en-primer-plano.jpg","type":"image\/jpeg"}],"twitter_card":"summary_large_image","twitter_misc":{"\u041f\u0440\u0438\u043c\u0435\u0440\u043d\u043e\u0435 \u0432\u0440\u0435\u043c\u044f \u0434\u043b\u044f \u0447\u0442\u0435\u043d\u0438\u044f":"2 \u043c\u0438\u043d\u0443\u0442\u044b"},"schema":{"@context":"https:\/\/schema.org","@graph":[{"@type":"WebPage","@id":"https:\/\/banusbeachmarbella.com\/aviso-legal\/","url":"https:\/\/banusbeachmarbella.com\/aviso-legal\/","name":"Aviso legal | Ban\u00fas Beach","isPartOf":{"@id":"https:\/\/banusbeachmarbella.com\/en\/#website"},"datePublished":"2025-03-11T13:24:07+00:00","dateModified":"2026-02-25T14:05:56+00:00","breadcrumb":{"@id":"https:\/\/banusbeachmarbella.com\/aviso-legal\/#breadcrumb"},"inLanguage":"ru-RU","potentialAction":[{"@type":"ReadAction","target":["https:\/\/banusbeachmarbella.com\/aviso-legal\/"]}]},{"@type":"BreadcrumbList","@id":"https:\/\/banusbeachmarbella.com\/aviso-legal\/#breadcrumb","itemListElement":[{"@type":"ListItem","position":1,"name":"Portada","item":"https:\/\/banusbeachmarbella.com\/"},{"@type":"ListItem","position":2,"name":"Aviso legal"}]},{"@type":"WebSite","@id":"https:\/\/banusbeachmarbella.com\/en\/#website","url":"https:\/\/banusbeachmarbella.com\/en\/","name":"Ban\u00fas Beach","description":"Club de playa en Marbella","publisher":{"@id":"https:\/\/banusbeachmarbella.com\/en\/#organization"},"potentialAction":[{"@type":"SearchAction","target":{"@type":"EntryPoint","urlTemplate":"https:\/\/banusbeachmarbella.com\/en\/?s={search_term_string}"},"query-input":{"@type":"PropertyValueSpecification","valueRequired":true,"valueName":"search_term_string"}}],"inLanguage":"ru-RU"},{"@type":"Organization","@id":"https:\/\/banusbeachmarbella.com\/en\/#organization","name":"Ban\u00fas Beach","url":"https:\/\/banusbeachmarbella.com\/en\/","logo":{"@type":"ImageObject","inLanguage":"ru-RU","@id":"https:\/\/banusbeachmarbella.com\/en\/#\/schema\/logo\/image\/","url":"https:\/\/banusbeachmarbella.com\/wp-content\/uploads\/2024\/09\/banus-beach-logo.png","contentUrl":"https:\/\/banusbeachmarbella.com\/wp-content\/uploads\/2024\/09\/banus-beach-logo.png","width":963,"height":211,"caption":"Ban\u00fas Beach"},"image":{"@id":"https:\/\/banusbeachmarbella.com\/en\/#\/schema\/logo\/image\/"},"sameAs":["https:\/\/www.facebook.com\/banusbeachmarbella","https:\/\/www.instagram.com\/banusbeachmarbella\/?hl=es"]}]}},"_links":{"self":[{"href":"https:\/\/banusbeachmarbella.com\/ru\/wp-json\/wp\/v2\/pages\/246","targetHints":{"allow":["GET"]}}],"collection":[{"href":"https:\/\/banusbeachmarbella.com\/ru\/wp-json\/wp\/v2\/pages"}],"about":[{"href":"https:\/\/banusbeachmarbella.com\/ru\/wp-json\/wp\/v2\/types\/page"}],"author":[{"embeddable":true,"href":"https:\/\/banusbeachmarbella.com\/ru\/wp-json\/wp\/v2\/users\/2"}],"replies":[{"embeddable":true,"href":"https:\/\/banusbeachmarbella.com\/ru\/wp-json\/wp\/v2\/comments?post=246"}],"version-history":[{"count":12,"href":"https:\/\/banusbeachmarbella.com\/ru\/wp-json\/wp\/v2\/pages\/246\/revisions"}],"predecessor-version":[{"id":537,"href":"https:\/\/banusbeachmarbella.com\/ru\/wp-json\/wp\/v2\/pages\/246\/revisions\/537"}],"wp:attachment":[{"href":"https:\/\/banusbeachmarbella.com\/ru\/wp-json\/wp\/v2\/media?parent=246"}],"curies":[{"name":"wp","href":"https:\/\/api.w.org\/{rel}","templated":true}]}}