{"id":247,"date":"2025-03-11T14:24:09","date_gmt":"2025-03-11T13:24:09","guid":{"rendered":"https:\/\/banusbeachmarbella.com\/?page_id=247"},"modified":"2026-02-25T15:03:46","modified_gmt":"2026-02-25T14:03:46","slug":"politica-de-privacidad","status":"publish","type":"page","link":"https:\/\/banusbeachmarbella.com\/ru\/politica-de-privacidad\/","title":{"rendered":"\u043f\u043e\u043b\u0438\u0442\u0438\u043a\u0443 \u043a\u043e\u043d\u0444\u0438\u0434\u0435\u043d\u0446\u0438\u0430\u043b\u044c\u043d\u043e\u0441\u0442\u0438"},"content":{"rendered":"<div data-elementor-type=\"wp-page\" data-elementor-id=\"247\" class=\"elementor elementor-247\" data-elementor-post-type=\"page\">\n\t\t\t\t<div class=\"elementor-element elementor-element-42a24e1e e-flex e-con-boxed e-con e-parent\" data-id=\"42a24e1e\" data-element_type=\"container\" data-e-type=\"container\">\n\t\t\t\t\t<div class=\"e-con-inner\">\n\t\t\t\t<div class=\"elementor-element elementor-element-f9da70 elementor-widget elementor-widget-text-editor\" data-id=\"f9da70\" data-element_type=\"widget\" data-e-type=\"widget\" data-widget_type=\"text-editor.default\">\n\t\t\t\t<div class=\"elementor-widget-container\">\n\t\t\t\t\t\t\t\t\t<h2><b>1. Pol\u00edtica de Privacidad<\/b><\/h2><p><b><br \/>Ban\u00fas Beach<\/b>, en aplicaci\u00f3n de la normativa vigente en materia de protecci\u00f3n de datos de car\u00e1cter personal, informa que los datos personales que se recogen a trav\u00e9s de los formularios del sitio web se incluyen en los ficheros automatizados espec\u00edficos de usuarios de los servicios del Titular.<\/p><h4><b>\u00bfCon qu\u00e9 finalidad trataremos tus datos?<\/b><\/h4><p>Trataremos tus datos personales con las siguientes finalidades:<\/p><ol><li><p><b>Gesti\u00f3n de consultas:<\/b> Resolver las dudas o solicitudes de informaci\u00f3n que nos hagas llegar.<\/p><\/li><li><p><b>Prestaci\u00f3n de servicios:<\/b> Gestionar la relaci\u00f3n comercial o contractual de los servicios ofrecidos por Ban\u00fas Beach.<\/p><\/li><li><p><b>Comunicaciones comerciales:<\/b> (Solo si lo autorizas) Env\u00edo de boletines, promociones y ofertas relacionadas con nuestra actividad.<\/p><\/li><\/ol><h4><b>\u00bf<\/b><b>Por cu\u00e1nto tiempo se conservan?<\/b><\/h4><p>Los datos personales proporcionados se conservar\u00e1n mientras se mantenga la relaci\u00f3n comercial o no solicites su supresi\u00f3n, y durante el plazo por el cual pudieran derivarse responsabilidades legales por los servicios prestados.<\/p><p><b>Legitimaci\u00f3n<\/b><\/p><p>El tratamiento de tus datos se realiza con las siguientes bases jur\u00eddicas:<\/p><ul><li><p>El <b>consentimiento<\/b> libre, espec\u00edfico, informado e inequ\u00edvoco del usuario.<\/p><\/li><li><p>La ejecuci\u00f3n de un <b>contrato<\/b> de prestaci\u00f3n de servicios.<\/p><\/li><\/ul><p><b>Derechos del usuario<\/b><\/p><p>Como interesado, tienes derecho a:<\/p><ul><li><p>Acceder a tus datos personales.<\/p><\/li><li><p>Solicitar la rectificaci\u00f3n de datos inexactos.<\/p><\/li><li><p>Solicitar su supresi\u00f3n cuando ya no sean necesarios.<\/p><\/li><li><p>Solicitar la limitaci\u00f3n u oposici\u00f3n de su tratamiento.<\/p><\/li><li><p>Portabilidad de los datos.<\/p><\/li><\/ul><p>Para ejercer estos derechos, puedes enviar una comunicaci\u00f3n a la direcci\u00f3n: <b>Calle Doctor Fleming, 3, 8\u00aa Planta, 28036 Madrid<\/b> o al email de contacto, adjuntando copia de tu DNI.<\/p><p>\u00a0<\/p><h2><b>2. Pol\u00edtica de Cookies<\/b><\/h2><p>Este sitio web utiliza cookies propias y de terceros para mejorar la experiencia de navegaci\u00f3n del usuario y obtener datos estad\u00edsticos.<\/p><h4><b>\u00bfQu\u00e9 son las cookies?<\/b><\/h4><p>Las cookies son peque\u00f1os archivos de texto que se almacenan en tu navegador cuando visitas casi cualquier p\u00e1gina web. Su utilidad es que la web sea capaz de recordar tu visita cuando vuelvas a navegar por esa p\u00e1gina.<\/p><p><b>Tipos de cookies utilizadas<\/b><\/p><ul><li><p><b>Cookies t\u00e9cnicas:<\/b> Son aquellas imprescindibles para el funcionamiento de la web.<\/p><\/li><li><p><b>Cookies de personalizaci\u00f3n:<\/b> Permiten al usuario acceder al servicio con algunas caracter\u00edsticas predefinidas (ej. idioma).<\/p><\/li><li><p><b>Cookies de an\u00e1lisis:<\/b> Son aquellas que, tratadas por nosotros o por terceros, nos permiten cuantificar el n\u00famero de usuarios y realizar la medici\u00f3n y an\u00e1lisis estad\u00edstico del uso que hacen los usuarios del servicio.<\/p><\/li><\/ul><p><b>Desactivaci\u00f3n o eliminaci\u00f3n de cookies<\/b><\/p><p>En cualquier momento puedes ejercer tu derecho de desactivaci\u00f3n o eliminaci\u00f3n de cookies de este sitio web a trav\u00e9s de la configuraci\u00f3n de tu navegador:<\/p><ul><li><p><b>Chrome:<\/b> Configuraci\u00f3n -&gt; Privacidad y seguridad -&gt; Cookies y otros datos de sitios.<\/p><\/li><li><p><b>Firefox:<\/b> Ajustes -&gt; Privacidad y seguridad -&gt; Cookies y datos del sitio.<\/p><\/li><li><p><b>Safari:<\/b> Preferencias -&gt; Privacidad.<\/p><\/li><\/ul><p><b>Aviso Importante:<\/b> Si bloqueas las cookies, es posible que ciertas funciones de la web no est\u00e9n disponibles o no funcionen correctamente.<\/p><p>\u00a0<\/p>\t\t\t\t\t\t\t\t<\/div>\n\t\t\t\t<\/div>\n\t\t\t\t\t<\/div>\n\t\t\t\t<\/div>\n\t\t\t\t<\/div>","protected":false},"excerpt":{"rendered":"<p>1. Pol\u00edtica de Privacidad Ban\u00fas Beach, en aplicaci\u00f3n de la normativa vigente en materia de protecci\u00f3n de datos de car\u00e1cter personal, informa que los datos personales que se recogen a trav\u00e9s de los formularios del sitio web se incluyen en los ficheros automatizados espec\u00edficos de usuarios de los servicios del Titular. \u00bfCon qu\u00e9 finalidad trataremos [&hellip;]<\/p>\n","protected":false},"author":2,"featured_media":0,"parent":0,"menu_order":0,"comment_status":"closed","ping_status":"closed","template":"","meta":{"_joinchat":[],"footnotes":""},"class_list":["post-247","page","type-page","status-publish","hentry"],"yoast_head":"<!-- This site is optimized with the Yoast SEO plugin v26.6 - https:\/\/yoast.com\/wordpress\/plugins\/seo\/ -->\n<title>Pol\u00edtica de privacidad | Ban\u00fas Beach<\/title>\n<meta name=\"robots\" content=\"noindex, follow\" \/>\n<meta property=\"og:locale\" content=\"ru_RU\" \/>\n<meta property=\"og:type\" content=\"article\" \/>\n<meta property=\"og:title\" content=\"Pol\u00edtica de privacidad | Ban\u00fas Beach\" \/>\n<meta property=\"og:description\" content=\"1. Pol\u00edtica de Privacidad Ban\u00fas Beach, en aplicaci\u00f3n de la normativa vigente en materia de protecci\u00f3n de datos de car\u00e1cter personal, informa que los datos personales que se recogen a trav\u00e9s de los formularios del sitio web se incluyen en los ficheros automatizados espec\u00edficos de usuarios de los servicios del Titular. \u00bfCon qu\u00e9 finalidad trataremos [&hellip;]\" \/>\n<meta property=\"og:url\" content=\"https:\/\/banusbeachmarbella.com\/ru\/politica-de-privacidad\/\" \/>\n<meta property=\"og:site_name\" content=\"Ban\u00fas Beach\" \/>\n<meta property=\"article:publisher\" content=\"https:\/\/www.facebook.com\/banusbeachmarbella\" \/>\n<meta property=\"article:modified_time\" content=\"2026-02-25T14:03:46+00:00\" \/>\n<meta property=\"og:image\" content=\"https:\/\/banusbeachmarbella.com\/wp-content\/uploads\/2024\/11\/BanusBeach_imagen-de-entrada-al-complejo-con-el-logo-en-primer-plano.jpg\" \/>\n\t<meta property=\"og:image:width\" content=\"1170\" \/>\n\t<meta property=\"og:image:height\" content=\"789\" \/>\n\t<meta property=\"og:image:type\" content=\"image\/jpeg\" \/>\n<meta name=\"twitter:card\" content=\"summary_large_image\" \/>\n<meta name=\"twitter:label1\" content=\"\u041f\u0440\u0438\u043c\u0435\u0440\u043d\u043e\u0435 \u0432\u0440\u0435\u043c\u044f \u0434\u043b\u044f \u0447\u0442\u0435\u043d\u0438\u044f\" \/>\n\t<meta name=\"twitter:data1\" content=\"3 \u043c\u0438\u043d\u0443\u0442\u044b\" \/>\n<script type=\"application\/ld+json\" class=\"yoast-schema-graph\">{\"@context\":\"https:\/\/schema.org\",\"@graph\":[{\"@type\":\"WebPage\",\"@id\":\"https:\/\/banusbeachmarbella.com\/politica-de-privacidad\/\",\"url\":\"https:\/\/banusbeachmarbella.com\/politica-de-privacidad\/\",\"name\":\"Pol\u00edtica de privacidad | Ban\u00fas Beach\",\"isPartOf\":{\"@id\":\"https:\/\/banusbeachmarbella.com\/en\/#website\"},\"datePublished\":\"2025-03-11T13:24:09+00:00\",\"dateModified\":\"2026-02-25T14:03:46+00:00\",\"breadcrumb\":{\"@id\":\"https:\/\/banusbeachmarbella.com\/politica-de-privacidad\/#breadcrumb\"},\"inLanguage\":\"ru-RU\",\"potentialAction\":[{\"@type\":\"ReadAction\",\"target\":[\"https:\/\/banusbeachmarbella.com\/politica-de-privacidad\/\"]}]},{\"@type\":\"BreadcrumbList\",\"@id\":\"https:\/\/banusbeachmarbella.com\/politica-de-privacidad\/#breadcrumb\",\"itemListElement\":[{\"@type\":\"ListItem\",\"position\":1,\"name\":\"Portada\",\"item\":\"https:\/\/banusbeachmarbella.com\/\"},{\"@type\":\"ListItem\",\"position\":2,\"name\":\"Pol\u00edtica de privacidad\"}]},{\"@type\":\"WebSite\",\"@id\":\"https:\/\/banusbeachmarbella.com\/en\/#website\",\"url\":\"https:\/\/banusbeachmarbella.com\/en\/\",\"name\":\"Ban\u00fas Beach\",\"description\":\"Club de playa en Marbella\",\"publisher\":{\"@id\":\"https:\/\/banusbeachmarbella.com\/en\/#organization\"},\"potentialAction\":[{\"@type\":\"SearchAction\",\"target\":{\"@type\":\"EntryPoint\",\"urlTemplate\":\"https:\/\/banusbeachmarbella.com\/en\/?s={search_term_string}\"},\"query-input\":{\"@type\":\"PropertyValueSpecification\",\"valueRequired\":true,\"valueName\":\"search_term_string\"}}],\"inLanguage\":\"ru-RU\"},{\"@type\":\"Organization\",\"@id\":\"https:\/\/banusbeachmarbella.com\/en\/#organization\",\"name\":\"Ban\u00fas Beach\",\"url\":\"https:\/\/banusbeachmarbella.com\/en\/\",\"logo\":{\"@type\":\"ImageObject\",\"inLanguage\":\"ru-RU\",\"@id\":\"https:\/\/banusbeachmarbella.com\/en\/#\/schema\/logo\/image\/\",\"url\":\"https:\/\/banusbeachmarbella.com\/wp-content\/uploads\/2024\/09\/banus-beach-logo.png\",\"contentUrl\":\"https:\/\/banusbeachmarbella.com\/wp-content\/uploads\/2024\/09\/banus-beach-logo.png\",\"width\":963,\"height\":211,\"caption\":\"Ban\u00fas Beach\"},\"image\":{\"@id\":\"https:\/\/banusbeachmarbella.com\/en\/#\/schema\/logo\/image\/\"},\"sameAs\":[\"https:\/\/www.facebook.com\/banusbeachmarbella\",\"https:\/\/www.instagram.com\/banusbeachmarbella\/?hl=es\"]}]}<\/script>\n<!-- \/ Yoast SEO plugin. -->","yoast_head_json":{"title":"Pol\u00edtica de privacidad | Ban\u00fas Beach","robots":{"index":"noindex","follow":"follow"},"og_locale":"ru_RU","og_type":"article","og_title":"Pol\u00edtica de privacidad | Ban\u00fas Beach","og_description":"1. Pol\u00edtica de Privacidad Ban\u00fas Beach, en aplicaci\u00f3n de la normativa vigente en materia de protecci\u00f3n de datos de car\u00e1cter personal, informa que los datos personales que se recogen a trav\u00e9s de los formularios del sitio web se incluyen en los ficheros automatizados espec\u00edficos de usuarios de los servicios del Titular. \u00bfCon qu\u00e9 finalidad trataremos [&hellip;]","og_url":"https:\/\/banusbeachmarbella.com\/ru\/politica-de-privacidad\/","og_site_name":"Ban\u00fas Beach","article_publisher":"https:\/\/www.facebook.com\/banusbeachmarbella","article_modified_time":"2026-02-25T14:03:46+00:00","og_image":[{"width":1170,"height":789,"url":"https:\/\/banusbeachmarbella.com\/wp-content\/uploads\/2024\/11\/BanusBeach_imagen-de-entrada-al-complejo-con-el-logo-en-primer-plano.jpg","type":"image\/jpeg"}],"twitter_card":"summary_large_image","twitter_misc":{"\u041f\u0440\u0438\u043c\u0435\u0440\u043d\u043e\u0435 \u0432\u0440\u0435\u043c\u044f \u0434\u043b\u044f \u0447\u0442\u0435\u043d\u0438\u044f":"3 \u043c\u0438\u043d\u0443\u0442\u044b"},"schema":{"@context":"https:\/\/schema.org","@graph":[{"@type":"WebPage","@id":"https:\/\/banusbeachmarbella.com\/politica-de-privacidad\/","url":"https:\/\/banusbeachmarbella.com\/politica-de-privacidad\/","name":"Pol\u00edtica de privacidad | Ban\u00fas Beach","isPartOf":{"@id":"https:\/\/banusbeachmarbella.com\/en\/#website"},"datePublished":"2025-03-11T13:24:09+00:00","dateModified":"2026-02-25T14:03:46+00:00","breadcrumb":{"@id":"https:\/\/banusbeachmarbella.com\/politica-de-privacidad\/#breadcrumb"},"inLanguage":"ru-RU","potentialAction":[{"@type":"ReadAction","target":["https:\/\/banusbeachmarbella.com\/politica-de-privacidad\/"]}]},{"@type":"BreadcrumbList","@id":"https:\/\/banusbeachmarbella.com\/politica-de-privacidad\/#breadcrumb","itemListElement":[{"@type":"ListItem","position":1,"name":"Portada","item":"https:\/\/banusbeachmarbella.com\/"},{"@type":"ListItem","position":2,"name":"Pol\u00edtica de privacidad"}]},{"@type":"WebSite","@id":"https:\/\/banusbeachmarbella.com\/en\/#website","url":"https:\/\/banusbeachmarbella.com\/en\/","name":"Ban\u00fas Beach","description":"Club de playa en Marbella","publisher":{"@id":"https:\/\/banusbeachmarbella.com\/en\/#organization"},"potentialAction":[{"@type":"SearchAction","target":{"@type":"EntryPoint","urlTemplate":"https:\/\/banusbeachmarbella.com\/en\/?s={search_term_string}"},"query-input":{"@type":"PropertyValueSpecification","valueRequired":true,"valueName":"search_term_string"}}],"inLanguage":"ru-RU"},{"@type":"Organization","@id":"https:\/\/banusbeachmarbella.com\/en\/#organization","name":"Ban\u00fas Beach","url":"https:\/\/banusbeachmarbella.com\/en\/","logo":{"@type":"ImageObject","inLanguage":"ru-RU","@id":"https:\/\/banusbeachmarbella.com\/en\/#\/schema\/logo\/image\/","url":"https:\/\/banusbeachmarbella.com\/wp-content\/uploads\/2024\/09\/banus-beach-logo.png","contentUrl":"https:\/\/banusbeachmarbella.com\/wp-content\/uploads\/2024\/09\/banus-beach-logo.png","width":963,"height":211,"caption":"Ban\u00fas Beach"},"image":{"@id":"https:\/\/banusbeachmarbella.com\/en\/#\/schema\/logo\/image\/"},"sameAs":["https:\/\/www.facebook.com\/banusbeachmarbella","https:\/\/www.instagram.com\/banusbeachmarbella\/?hl=es"]}]}},"_links":{"self":[{"href":"https:\/\/banusbeachmarbella.com\/ru\/wp-json\/wp\/v2\/pages\/247","targetHints":{"allow":["GET"]}}],"collection":[{"href":"https:\/\/banusbeachmarbella.com\/ru\/wp-json\/wp\/v2\/pages"}],"about":[{"href":"https:\/\/banusbeachmarbella.com\/ru\/wp-json\/wp\/v2\/types\/page"}],"author":[{"embeddable":true,"href":"https:\/\/banusbeachmarbella.com\/ru\/wp-json\/wp\/v2\/users\/2"}],"replies":[{"embeddable":true,"href":"https:\/\/banusbeachmarbella.com\/ru\/wp-json\/wp\/v2\/comments?post=247"}],"version-history":[{"count":15,"href":"https:\/\/banusbeachmarbella.com\/ru\/wp-json\/wp\/v2\/pages\/247\/revisions"}],"predecessor-version":[{"id":534,"href":"https:\/\/banusbeachmarbella.com\/ru\/wp-json\/wp\/v2\/pages\/247\/revisions\/534"}],"wp:attachment":[{"href":"https:\/\/banusbeachmarbella.com\/ru\/wp-json\/wp\/v2\/media?parent=247"}],"curies":[{"name":"wp","href":"https:\/\/api.w.org\/{rel}","templated":true}]}}